{"id":436,"date":"2021-10-14T16:49:24","date_gmt":"2021-10-14T14:49:24","guid":{"rendered":"http:\/\/bf15.org\/?page_id=436"},"modified":"2021-10-15T13:32:44","modified_gmt":"2021-10-15T11:32:44","slug":"marie-lucon","status":"publish","type":"page","link":"http:\/\/bf15.org\/?page_id=436","title":{"rendered":"Marie Lu\u00e7on"},"content":{"rendered":"\n<p>Com\u00e9dienne. <br>Marie Lu\u00e7on est n\u00e9e il y a 39 ans dans les Vosges. Elle a grandi \u00e0 Bussang, dans la montagne et au Th\u00e9\u00e2tre du Peuple o\u00f9 elle a fait ses armes, travaillant chaque jour d\u2019\u00e9t\u00e9 entre 1989 et 2001, dans de grands spectacles de r\u00e9pertoire et sous la direction de Pierre Diependa\u00eble (<em>Le Mariage de Figaro<\/em> de Beaumarchais), Pierre-Etienne Heymann (<em>Macbeth<\/em> de Shakespeare), Philippe Berling (<em>La Petite Catherine de Heilbronn<\/em> de Kleist<em>,<strong> <\/strong>Peer<strong> <\/strong>Gynt<\/em> d\u2019Ibsen), Fran\u00e7ois Rancillac (<em>Ondine<strong> <\/strong><\/em>de Giraudoux<em><strong>, <\/strong>L\u2019Aiglon<\/em> de Rostand) et Jean-Claude Berutti (<em>L\u2019Adulateur<\/em> de Goldoni<em><strong>, <\/strong>Le Cercle de Craie Caucasien<\/em> de Brecht <em><strong>, <\/strong>Beaucoup de bruit pour rien<\/em> de Shakespeare)\u2026<br>Depuis, elle vit en Belgique o\u00f9 elle fut dipl\u00f4m\u00e9e avec grande distinction du Conservatoire de Li\u00e8ge en 2006.<\/p>\n\n\n\n<p>Elle a travaill\u00e9 ensuite avec Coline Struyf (<em>Richard III<strong> <\/strong><\/em>de Carmelo Bene), avec Caspar Langhoff (<em>Preparadize sorry now<\/em> et <em>Gouttes d\u2019eau sur pierre brulante<\/em> de Fassbinder), ou encore Genevi\u00e8ve Voisin (compagnie Ah mon amour) avec laquelle elle \u00e9crit, fa\u00e7onne, et joue dans le secteur du clown et des arts forains.<br>Depuis 2013, on a pu la voir dans les mises en sc\u00e8ne Thibaut Wenger (compagnie Premiers Actes)&nbsp;: <em>Platonov<strong> <\/strong><\/em>et<em><strong> <\/strong>La Cerisaie <\/em>de Tch\u00e9khov, et <em>L\u2019Affaire de la rue de Lourcine<\/em> de Labiche.<br><br>Elle est un membre fondateur de la compagnie aujourd\u2019hui nomm\u00e9e Le bref \u00e9t\u00e9. En 2011, elle y a mis en sc\u00e8ne <em>Ashes to Ashes<\/em> d\u2019Harold Pinter. Sous la direction de Lazare Gousseau, elle a jou\u00e9 en 2008 dans <em>Pr\u00e8s du C\u0153ur Sauvage<strong> <\/strong><\/em>un roman de Clarice Lispector, dans<em><strong> <\/strong>Pylade<\/em> de Pier Paolo Pasolini entre 2008 et 2012, et dans<em><strong> <\/strong>Calder\u00f2n<\/em> du m\u00eame auteur en 2016<em><strong>.<\/strong><\/em><\/p>\n\n\n\n<p>Par ailleurs et plus silencieusement, elle \u00e9tudie l\u2019Histoire et arpente la G\u00e9ographie.<\/p>\n\n\n\n<figure class=\"wp-block-image size-large is-resized\"><img loading=\"lazy\" decoding=\"async\" src=\"http:\/\/bf15.org\/wp-content\/uploads\/2021\/10\/Marie-1024x682.jpg\" alt=\"\" class=\"wp-image-429\" width=\"814\" height=\"542\" srcset=\"http:\/\/bf15.org\/wp-content\/uploads\/2021\/10\/Marie-1024x682.jpg 1024w, http:\/\/bf15.org\/wp-content\/uploads\/2021\/10\/Marie-300x200.jpg 300w, http:\/\/bf15.org\/wp-content\/uploads\/2021\/10\/Marie-768x511.jpg 768w, http:\/\/bf15.org\/wp-content\/uploads\/2021\/10\/Marie-1536x1023.jpg 1536w, http:\/\/bf15.org\/wp-content\/uploads\/2021\/10\/Marie-2048x1363.jpg 2048w\" sizes=\"auto, (max-width: 814px) 100vw, 814px\" \/><\/figure>\n","protected":false},"excerpt":{"rendered":"<p>Com\u00e9dienne. Marie Lu\u00e7on est n\u00e9e il y a 39 ans dans les Vosges. Elle a grandi \u00e0 Bussang, dans la montagne et au Th\u00e9\u00e2tre du Peuple o\u00f9 elle a fait ses armes, travaillant chaque jour d\u2019\u00e9t\u00e9 entre 1989 et 2001, dans de grands spectacles de r\u00e9pertoire et sous la direction de Pierre Diependa\u00eble (Le Mariage &hellip;<\/p>\n<p class=\"read-more\"> <a class=\"\" href=\"http:\/\/bf15.org\/?page_id=436\"> <span class=\"screen-reader-text\">Marie Lu\u00e7on<\/span> Lire la suite\u00a0\u00bb<\/a><\/p>\n","protected":false},"author":1,"featured_media":0,"parent":0,"menu_order":0,"comment_status":"closed","ping_status":"closed","template":"","meta":{"footnotes":""},"class_list":["post-436","page","type-page","status-publish","hentry"],"_links":{"self":[{"href":"http:\/\/bf15.org\/index.php?rest_route=\/wp\/v2\/pages\/436","targetHints":{"allow":["GET"]}}],"collection":[{"href":"http:\/\/bf15.org\/index.php?rest_route=\/wp\/v2\/pages"}],"about":[{"href":"http:\/\/bf15.org\/index.php?rest_route=\/wp\/v2\/types\/page"}],"author":[{"embeddable":true,"href":"http:\/\/bf15.org\/index.php?rest_route=\/wp\/v2\/users\/1"}],"replies":[{"embeddable":true,"href":"http:\/\/bf15.org\/index.php?rest_route=%2Fwp%2Fv2%2Fcomments&post=436"}],"version-history":[{"count":3,"href":"http:\/\/bf15.org\/index.php?rest_route=\/wp\/v2\/pages\/436\/revisions"}],"predecessor-version":[{"id":536,"href":"http:\/\/bf15.org\/index.php?rest_route=\/wp\/v2\/pages\/436\/revisions\/536"}],"wp:attachment":[{"href":"http:\/\/bf15.org\/index.php?rest_route=%2Fwp%2Fv2%2Fmedia&parent=436"}],"curies":[{"name":"wp","href":"https:\/\/api.w.org\/{rel}","templated":true}]}}